{"id":2690,"date":"2025-09-28T13:43:58","date_gmt":"2025-09-28T13:43:58","guid":{"rendered":"https:\/\/www.construccionesdelpacifico.com\/wp\/?page_id=2690"},"modified":"2025-11-04T20:08:05","modified_gmt":"2025-11-04T20:08:05","slug":"nosotros","status":"publish","type":"page","link":"https:\/\/www.construccionesdelpacifico.com\/wp\/nosotros\/","title":{"rendered":"Nosotros"},"content":{"rendered":"<p><div class=\"fusion-fullwidth fullwidth-box fusion-builder-row-1 fusion-flex-container has-pattern-background has-mask-background nonhundred-percent-fullwidth non-hundred-percent-height-scrolling\" style=\"--awb-border-radius-top-left:0px;--awb-border-radius-top-right:0px;--awb-border-radius-bottom-right:0px;--awb-border-radius-bottom-left:0px;--awb-flex-wrap:wrap;\" ><div class=\"fusion-builder-row fusion-row fusion-flex-align-items-flex-start fusion-flex-content-wrap\" style=\"max-width:1331.2px;margin-left: calc(-4% \/ 2 );margin-right: calc(-4% \/ 2 );\"><div class=\"fusion-layout-column fusion_builder_column fusion-builder-column-0 fusion_builder_column_1_1 1_1 fusion-flex-column\" style=\"--awb-bg-size:cover;--awb-width-large:100%;--awb-margin-top-large:10px;--awb-spacing-right-large:1.92%;--awb-margin-bottom-large:10px;--awb-spacing-left-large:1.92%;--awb-width-medium:100%;--awb-order-medium:0;--awb-spacing-right-medium:1.92%;--awb-spacing-left-medium:1.92%;--awb-width-small:100%;--awb-order-small:0;--awb-spacing-right-small:1.92%;--awb-spacing-left-small:1.92%;\"><div class=\"fusion-column-wrapper fusion-column-has-shadow fusion-flex-justify-content-flex-start fusion-content-layout-column\"><div class=\"fusion-title title fusion-title-1 fusion-sep-none fusion-title-text fusion-title-size-one\"><h1 class=\"fusion-title-heading title-heading-left fusion-responsive-typography-calculated\" style=\"font-family:&quot;Roboto&quot;;font-style:normal;font-weight:700;margin:0;text-transform:capitalize;--fontSize:50;line-height:var(--awb-typography1-line-height);\"><p style=\"text-align: center;\">NUESTRA EMPRESA<\/p><\/h1><\/div><div class=\"fusion-text fusion-text-1\"><p>Est\u00e1 enfocada en el c\u00e1lculo estructural, as\u00ed como la construcci\u00f3n de edificaciones nuevas y la rehabilitaci\u00f3n de estructuras existentes utilizando la \u00faltima tecnolog\u00eda disponible para as\u00ed cumplir con los m\u00e1s altos est\u00e1ndares de calidad y seguridad.<\/p>\n<p>Contamos con especialistas en ingenier\u00eda de estructuras y geotecnia que fueron capacitados y entrenados en el extranjero con el prop\u00f3sito de aplicar sus conocimientos para el desarrollo y aplicaci\u00f3n de tecnolog\u00eda en la construcci\u00f3n.<\/p>\n<\/div><\/div><\/div><\/div><\/div><div class=\"fusion-fullwidth fullwidth-box fusion-builder-row-2 fusion-flex-container has-pattern-background has-mask-background nonhundred-percent-fullwidth non-hundred-percent-height-scrolling\" style=\"--awb-border-radius-top-left:0px;--awb-border-radius-top-right:0px;--awb-border-radius-bottom-right:0px;--awb-border-radius-bottom-left:0px;--awb-flex-wrap:wrap;\" ><div class=\"fusion-builder-row fusion-row fusion-flex-align-items-flex-start fusion-flex-content-wrap\" style=\"max-width:1331.2px;margin-left: calc(-4% \/ 2 );margin-right: calc(-4% \/ 2 );\"><div class=\"fusion-layout-column fusion_builder_column fusion-builder-column-1 fusion_builder_column_1_3 1_3 fusion-flex-column\" style=\"--awb-bg-size:cover;--awb-width-large:33.333333333333%;--awb-margin-top-large:10px;--awb-spacing-right-large:5.76%;--awb-margin-bottom-large:10px;--awb-spacing-left-large:5.76%;--awb-width-medium:100%;--awb-order-medium:0;--awb-spacing-right-medium:1.92%;--awb-spacing-left-medium:1.92%;--awb-width-small:100%;--awb-order-small:0;--awb-spacing-right-small:1.92%;--awb-spacing-left-small:1.92%;\"><div class=\"fusion-column-wrapper fusion-column-has-shadow fusion-flex-justify-content-flex-start fusion-content-layout-column\"><div class=\"fusion-title title fusion-title-2 fusion-sep-none fusion-title-text fusion-title-size-three\"><h3 class=\"fusion-title-heading title-heading-left fusion-responsive-typography-calculated\" style=\"font-family:&quot;Roboto&quot;;font-style:normal;font-weight:700;margin:0;text-transform:capitalize;--fontSize:24;line-height:var(--awb-typography1-line-height);\">MISI\u00d3N<\/h3><\/div><div class=\"fusion-text fusion-text-2\"><p>Dise\u00f1ar, asesorar y construir Obras Civiles y Edificaciones con los m\u00e1s altos est\u00e1ndares de calidad y seguridad existentes, con el cumplimiento de normas de construcci\u00f3n nacionales e internacionales, as\u00ed como la utilizaci\u00f3n de los sistemas constructivos m\u00e1s id\u00f3neos y eficientes, garantizando confort y seguridad a los usuarios de nuestras edificaciones, para lo cual involucraremos al mejor personal disponible.<\/p>\n<\/div><\/div><\/div><div class=\"fusion-layout-column fusion_builder_column fusion-builder-column-2 fusion_builder_column_1_3 1_3 fusion-flex-column\" style=\"--awb-bg-size:cover;--awb-width-large:33.333333333333%;--awb-margin-top-large:10px;--awb-spacing-right-large:5.76%;--awb-margin-bottom-large:10px;--awb-spacing-left-large:5.76%;--awb-width-medium:100%;--awb-order-medium:0;--awb-spacing-right-medium:1.92%;--awb-spacing-left-medium:1.92%;--awb-width-small:100%;--awb-order-small:0;--awb-spacing-right-small:1.92%;--awb-spacing-left-small:1.92%;\"><div class=\"fusion-column-wrapper fusion-column-has-shadow fusion-flex-justify-content-flex-start fusion-content-layout-column\"><div class=\"fusion-title title fusion-title-3 fusion-sep-none fusion-title-text fusion-title-size-three\"><h3 class=\"fusion-title-heading title-heading-left fusion-responsive-typography-calculated\" style=\"font-family:&quot;Roboto&quot;;font-style:normal;font-weight:700;margin:0;text-transform:capitalize;--fontSize:24;line-height:var(--awb-typography1-line-height);\">VISI\u00d3N<\/h3><\/div><div class=\"fusion-text fusion-text-3\"><p>Mediante la apropiaci\u00f3n de las mejores estrategias, y el esfuerzo del equipo de trabajo convertirnos en el mediano plazo en un referente a nivel nacional de la industria de la construcci\u00f3n.<\/p>\n<\/div><\/div><\/div><div class=\"fusion-layout-column fusion_builder_column fusion-builder-column-3 fusion_builder_column_1_3 1_3 fusion-flex-column\" style=\"--awb-bg-size:cover;--awb-width-large:33.333333333333%;--awb-margin-top-large:10px;--awb-spacing-right-large:5.76%;--awb-margin-bottom-large:10px;--awb-spacing-left-large:5.76%;--awb-width-medium:100%;--awb-order-medium:0;--awb-spacing-right-medium:1.92%;--awb-spacing-left-medium:1.92%;--awb-width-small:100%;--awb-order-small:0;--awb-spacing-right-small:1.92%;--awb-spacing-left-small:1.92%;\"><div class=\"fusion-column-wrapper fusion-column-has-shadow fusion-flex-justify-content-flex-start fusion-content-layout-column\"><div class=\"fusion-title title fusion-title-4 fusion-sep-none fusion-title-text fusion-title-size-three\"><h3 class=\"fusion-title-heading title-heading-left fusion-responsive-typography-calculated\" style=\"font-family:&quot;Roboto&quot;;font-style:normal;font-weight:700;margin:0;text-transform:capitalize;--fontSize:24;line-height:var(--awb-typography1-line-height);\">VALORES<\/h3><\/div><div class=\"fusion-text fusion-text-4\"><p>Honestidad, Integridad, Trabajo en Equipo, Respeto, Confianza.<\/p>\n<\/div><\/div><\/div><\/div><\/div><div class=\"fusion-fullwidth fullwidth-box fusion-builder-row-3 fusion-flex-container has-pattern-background has-mask-background hundred-percent-fullwidth non-hundred-percent-height-scrolling\" style=\"--awb-border-radius-top-left:0px;--awb-border-radius-top-right:0px;--awb-border-radius-bottom-right:0px;--awb-border-radius-bottom-left:0px;--awb-padding-right:0px;--awb-padding-left:0px;--awb-background-color:var(--awb-color2);--awb-flex-wrap:wrap;\" ><div class=\"fusion-builder-row fusion-row fusion-flex-align-items-flex-start fusion-flex-content-wrap\" style=\"width:calc( 100% + 0px ) !important;max-width:calc( 100% + 0px ) !important;margin-left: calc(-0px \/ 2 );margin-right: calc(-0px \/ 2 );\"><div class=\"fusion-layout-column fusion_builder_column fusion-builder-column-4 fusion_builder_column_1_1 1_1 fusion-flex-column\" style=\"--awb-bg-blend:overlay;--awb-bg-size:cover;--awb-width-large:100%;--awb-margin-top-large:-10px;--awb-spacing-right-large:0px;--awb-margin-bottom-large:10px;--awb-spacing-left-large:0px;--awb-width-medium:100%;--awb-spacing-right-medium:0px;--awb-spacing-left-medium:0px;--awb-width-small:100%;--awb-spacing-right-small:0px;--awb-spacing-left-small:0px;\"><div class=\"fusion-column-wrapper fusion-flex-justify-content-flex-start fusion-content-layout-column\"><div class=\"fusion-title title fusion-title-5 fusion-sep-none fusion-title-text fusion-title-size-two\" style=\"--awb-text-color:var(--awb-color7);\"><h2 class=\"fusion-title-heading title-heading-left fusion-responsive-typography-calculated\" style=\"font-family:&quot;Roboto&quot;;font-style:normal;font-weight:700;margin:0;text-transform:capitalize;--fontSize:34;line-height:var(--awb-typography1-line-height);\"><p style=\"text-align: center;\">NUESTROS CLIENTES<\/p><\/h2><\/div><\/div><\/div><div class=\"fusion-layout-column fusion_builder_column fusion-builder-column-5 fusion_builder_column_1_1 1_1 fusion-flex-column\" style=\"--awb-bg-size:cover;--awb-width-large:100%;--awb-margin-top-large:10px;--awb-spacing-right-large:0px;--awb-margin-bottom-large:10px;--awb-spacing-left-large:0px;--awb-width-medium:100%;--awb-order-medium:0;--awb-spacing-right-medium:0px;--awb-spacing-left-medium:0px;--awb-width-small:100%;--awb-order-small:0;--awb-spacing-right-small:0px;--awb-spacing-left-small:0px;\"><div class=\"fusion-column-wrapper fusion-column-has-shadow fusion-flex-justify-content-flex-start fusion-content-layout-column\"><div class=\"fusion-image-carousel fusion-image-carousel-fixed fusion-image-carousel-1\"><div data-marquee-direction=\"left\" class=\"awb-carousel awb-swiper awb-swiper-carousel awb-carousel--marquee awb-swiper-dots-position-bottom\" data-layout=\"marquee\" data-autoplay=\"no\" data-autoplayspeed=\"2500\" data-autoplaypause=\"yes\" data-columns=\"6.0\" data-columnsmedium=\"1\" data-columnssmall=\"1\" data-itemmargin=\"2\" data-itemwidth=\"180\" data-touchscroll=\"no\" data-freemode=\"no\" data-imagesize=\"fixed\" data-scrollitems=\"0\" data-centeredslides=\"no\" data-rotationangle=\"50\" data-depth=\"100\" data-speed=\"6300\" data-shadow=\"no\" data-pagination=\"bullets\" style=\"--awb-columns:6.0;--awb-column-spacing:2px;--awb-dots-align:center;\"><div class=\"swiper-wrapper awb-image-carousel-wrapper fusion-flex-align-items-center\"><div class=\"swiper-slide\"><div class=\"fusion-carousel-item-wrapper\"><div class=\"fusion-image-wrapper hover-type-none\"><img decoding=\"async\" width=\"227\" height=\"227\" src=\"data:image\/svg+xml,%3Csvg%20xmlns%3D%27http%3A%2F%2Fwww.w3.org%2F2000%2Fsvg%27%20width%3D%27227%27%20height%3D%27227%27%20viewBox%3D%270%200%20227%20227%27%3E%3Crect%20width%3D%27227%27%20height%3D%27227%27%20fill-opacity%3D%220%22%2F%3E%3C%2Fsvg%3E\" data-orig-src=\"https:\/\/www.construccionesdelpacifico.com\/wp\/wp-content\/uploads\/2025\/11\/logo_pepsico_01.png\" class=\"lazyload attachment-portfolio-two size-portfolio-two\" alt=\"\" \/><\/div><\/div><\/div><div class=\"swiper-slide\"><div class=\"fusion-carousel-item-wrapper\"><div class=\"fusion-image-wrapper hover-type-none\"><img decoding=\"async\" width=\"227\" height=\"227\" src=\"data:image\/svg+xml,%3Csvg%20xmlns%3D%27http%3A%2F%2Fwww.w3.org%2F2000%2Fsvg%27%20width%3D%27227%27%20height%3D%27227%27%20viewBox%3D%270%200%20227%20227%27%3E%3Crect%20width%3D%27227%27%20height%3D%27227%27%20fill-opacity%3D%220%22%2F%3E%3C%2Fsvg%3E\" data-orig-src=\"https:\/\/www.construccionesdelpacifico.com\/wp\/wp-content\/uploads\/2025\/11\/logo_splendor_02.png\" class=\"lazyload attachment-portfolio-two size-portfolio-two\" alt=\"\" \/><\/div><\/div><\/div><div class=\"swiper-slide\"><div class=\"fusion-carousel-item-wrapper\"><div class=\"fusion-image-wrapper hover-type-none\"><img decoding=\"async\" width=\"227\" height=\"227\" src=\"data:image\/svg+xml,%3Csvg%20xmlns%3D%27http%3A%2F%2Fwww.w3.org%2F2000%2Fsvg%27%20width%3D%27227%27%20height%3D%27227%27%20viewBox%3D%270%200%20227%20227%27%3E%3Crect%20width%3D%27227%27%20height%3D%27227%27%20fill-opacity%3D%220%22%2F%3E%3C%2Fsvg%3E\" data-orig-src=\"https:\/\/www.construccionesdelpacifico.com\/wp\/wp-content\/uploads\/2025\/11\/logo_tigre_07.png\" class=\"lazyload attachment-portfolio-two size-portfolio-two\" alt=\"\" \/><\/div><\/div><\/div><div class=\"swiper-slide\"><div class=\"fusion-carousel-item-wrapper\"><div class=\"fusion-image-wrapper hover-type-none\"><img decoding=\"async\" width=\"227\" height=\"227\" src=\"data:image\/svg+xml,%3Csvg%20xmlns%3D%27http%3A%2F%2Fwww.w3.org%2F2000%2Fsvg%27%20width%3D%27227%27%20height%3D%27227%27%20viewBox%3D%270%200%20227%20227%27%3E%3Crect%20width%3D%27227%27%20height%3D%27227%27%20fill-opacity%3D%220%22%2F%3E%3C%2Fsvg%3E\" data-orig-src=\"https:\/\/www.construccionesdelpacifico.com\/wp\/wp-content\/uploads\/2025\/11\/logo_moderna_06.png\" class=\"lazyload attachment-portfolio-two size-portfolio-two\" alt=\"\" \/><\/div><\/div><\/div><div class=\"swiper-slide\"><div class=\"fusion-carousel-item-wrapper\"><div class=\"fusion-image-wrapper hover-type-none\"><img decoding=\"async\" width=\"227\" height=\"227\" src=\"data:image\/svg+xml,%3Csvg%20xmlns%3D%27http%3A%2F%2Fwww.w3.org%2F2000%2Fsvg%27%20width%3D%27227%27%20height%3D%27227%27%20viewBox%3D%270%200%20227%20227%27%3E%3Crect%20width%3D%27227%27%20height%3D%27227%27%20fill-opacity%3D%220%22%2F%3E%3C%2Fsvg%3E\" data-orig-src=\"https:\/\/www.construccionesdelpacifico.com\/wp\/wp-content\/uploads\/2025\/11\/logo_ism_04.png\" class=\"lazyload attachment-portfolio-two size-portfolio-two\" alt=\"\" \/><\/div><\/div><\/div><div class=\"swiper-slide\"><div class=\"fusion-carousel-item-wrapper\"><div class=\"fusion-image-wrapper hover-type-none\"><img decoding=\"async\" width=\"227\" height=\"227\" src=\"data:image\/svg+xml,%3Csvg%20xmlns%3D%27http%3A%2F%2Fwww.w3.org%2F2000%2Fsvg%27%20width%3D%27227%27%20height%3D%27227%27%20viewBox%3D%270%200%20227%20227%27%3E%3Crect%20width%3D%27227%27%20height%3D%27227%27%20fill-opacity%3D%220%22%2F%3E%3C%2Fsvg%3E\" data-orig-src=\"https:\/\/www.construccionesdelpacifico.com\/wp\/wp-content\/uploads\/2025\/11\/logo_ilsa_03.png\" class=\"lazyload attachment-portfolio-two size-portfolio-two\" alt=\"\" \/><\/div><\/div><\/div><div class=\"swiper-slide\"><div class=\"fusion-carousel-item-wrapper\"><div class=\"fusion-image-wrapper hover-type-none\"><img decoding=\"async\" width=\"227\" height=\"227\" src=\"data:image\/svg+xml,%3Csvg%20xmlns%3D%27http%3A%2F%2Fwww.w3.org%2F2000%2Fsvg%27%20width%3D%27227%27%20height%3D%27227%27%20viewBox%3D%270%200%20227%20227%27%3E%3Crect%20width%3D%27227%27%20height%3D%27227%27%20fill-opacity%3D%220%22%2F%3E%3C%2Fsvg%3E\" data-orig-src=\"https:\/\/www.construccionesdelpacifico.com\/wp\/wp-content\/uploads\/2025\/11\/logo_ecofroz_05.png\" class=\"lazyload attachment-portfolio-two size-portfolio-two\" alt=\"\" \/><\/div><\/div><\/div><div class=\"swiper-slide\"><div class=\"fusion-carousel-item-wrapper\"><div class=\"fusion-image-wrapper hover-type-none\"><img decoding=\"async\" width=\"227\" height=\"227\" src=\"data:image\/svg+xml,%3Csvg%20xmlns%3D%27http%3A%2F%2Fwww.w3.org%2F2000%2Fsvg%27%20width%3D%27227%27%20height%3D%27227%27%20viewBox%3D%270%200%20227%20227%27%3E%3Crect%20width%3D%27227%27%20height%3D%27227%27%20fill-opacity%3D%220%22%2F%3E%3C%2Fsvg%3E\" data-orig-src=\"https:\/\/www.construccionesdelpacifico.com\/wp\/wp-content\/uploads\/2025\/11\/logo_cesal_08.png\" class=\"lazyload attachment-portfolio-two size-portfolio-two\" alt=\"\" \/><\/div><\/div><\/div><\/div><\/div><\/div><\/div><\/div><\/div><\/div><\/p>\n","protected":false},"excerpt":{"rendered":"","protected":false},"author":1,"featured_media":0,"parent":0,"menu_order":0,"comment_status":"closed","ping_status":"closed","template":"100-width.php","meta":{"footnotes":""},"class_list":["post-2690","page","type-page","status-publish","hentry"],"_links":{"self":[{"href":"https:\/\/www.construccionesdelpacifico.com\/wp\/wp-json\/wp\/v2\/pages\/2690","targetHints":{"allow":["GET"]}}],"collection":[{"href":"https:\/\/www.construccionesdelpacifico.com\/wp\/wp-json\/wp\/v2\/pages"}],"about":[{"href":"https:\/\/www.construccionesdelpacifico.com\/wp\/wp-json\/wp\/v2\/types\/page"}],"author":[{"embeddable":true,"href":"https:\/\/www.construccionesdelpacifico.com\/wp\/wp-json\/wp\/v2\/users\/1"}],"replies":[{"embeddable":true,"href":"https:\/\/www.construccionesdelpacifico.com\/wp\/wp-json\/wp\/v2\/comments?post=2690"}],"version-history":[{"count":6,"href":"https:\/\/www.construccionesdelpacifico.com\/wp\/wp-json\/wp\/v2\/pages\/2690\/revisions"}],"predecessor-version":[{"id":3554,"href":"https:\/\/www.construccionesdelpacifico.com\/wp\/wp-json\/wp\/v2\/pages\/2690\/revisions\/3554"}],"wp:attachment":[{"href":"https:\/\/www.construccionesdelpacifico.com\/wp\/wp-json\/wp\/v2\/media?parent=2690"}],"curies":[{"name":"wp","href":"https:\/\/api.w.org\/{rel}","templated":true}]}}